{"id":997,"date":"2024-01-12T10:46:11","date_gmt":"2024-01-12T09:46:11","guid":{"rendered":"https:\/\/evamartinez.fr\/?page_id=997"},"modified":"2025-11-10T20:34:19","modified_gmt":"2025-11-10T19:34:19","slug":"seance-couple","status":"publish","type":"page","link":"https:\/\/evamartinez.fr\/index.php\/seance-couple\/","title":{"rendered":"S\u00e9ance couple"},"content":{"rendered":"\t\t<div data-elementor-type=\"wp-page\" data-elementor-id=\"997\" class=\"elementor elementor-997\">\n\t\t\t\t\t\t<section class=\"elementor-section elementor-top-section elementor-element elementor-element-ac337f5 elementor-section-boxed elementor-section-height-default elementor-section-height-default\" data-id=\"ac337f5\" data-element_type=\"section\">\n\t\t\t\t\t\t<div class=\"elementor-container elementor-column-gap-default\">\n\t\t\t\t\t<div class=\"elementor-column elementor-col-100 elementor-top-column elementor-element elementor-element-bf0907d\" data-id=\"bf0907d\" data-element_type=\"column\">\n\t\t\t<div class=\"elementor-widget-wrap elementor-element-populated\">\n\t\t\t\t\t\t<div class=\"elementor-element elementor-element-3bf6604 elementor-widget elementor-widget-heading\" data-id=\"3bf6604\" data-element_type=\"widget\" data-widget_type=\"heading.default\">\n\t\t\t\t<div class=\"elementor-widget-container\">\n\t\t\t\t\t<h2 class=\"elementor-heading-title elementor-size-default\">S\u00e9ance couple, engagement<\/h2>\t\t\t\t<\/div>\n\t\t\t\t<\/div>\n\t\t\t\t<div class=\"elementor-element elementor-element-459f35f elementor-widget elementor-widget-spacer\" data-id=\"459f35f\" data-element_type=\"widget\" data-widget_type=\"spacer.default\">\n\t\t\t\t<div class=\"elementor-widget-container\">\n\t\t\t\t\t\t\t<div class=\"elementor-spacer\">\n\t\t\t<div class=\"elementor-spacer-inner\"><\/div>\n\t\t<\/div>\n\t\t\t\t\t\t<\/div>\n\t\t\t\t<\/div>\n\t\t\t\t\t<\/div>\n\t\t<\/div>\n\t\t\t\t\t<\/div>\n\t\t<\/section>\n\t\t\t\t<section class=\"elementor-section elementor-top-section elementor-element elementor-element-743ee755 elementor-section-boxed elementor-section-height-default elementor-section-height-default\" data-id=\"743ee755\" data-element_type=\"section\">\n\t\t\t\t\t\t<div class=\"elementor-container elementor-column-gap-default\">\n\t\t\t\t\t<div class=\"elementor-column elementor-col-33 elementor-top-column elementor-element elementor-element-655cc180\" data-id=\"655cc180\" data-element_type=\"column\">\n\t\t\t<div class=\"elementor-widget-wrap elementor-element-populated\">\n\t\t\t\t\t\t<div class=\"elementor-element elementor-element-9084bff elementor-widget elementor-widget-heading\" data-id=\"9084bff\" data-element_type=\"widget\" data-widget_type=\"heading.default\">\n\t\t\t\t<div class=\"elementor-widget-container\">\n\t\t\t\t\t<h2 class=\"elementor-heading-title elementor-size-default\">S\u00e9ance de 30 min<\/h2>\t\t\t\t<\/div>\n\t\t\t\t<\/div>\n\t\t\t\t<div class=\"elementor-element elementor-element-4b4f0577 elementor-widget elementor-widget-text-editor\" data-id=\"4b4f0577\" data-element_type=\"widget\" data-widget_type=\"text-editor.default\">\n\t\t\t\t<div class=\"elementor-widget-container\">\n\t\t\t\t\t\t\t\t\t<h5 style=\"margin: 10px 0px; font-family: 'Source Sans Pro', 'Helvetica Neue', Helvetica, Arial, sans-serif; font-weight: 600; color: #414141; text-align: left; outline: none !important;\"><span style=\"font-family: sans-serif; font-size: 14px; font-weight: 400;\">&#8211; Pr\u00e9paration de la s\u00e9ance<\/span><\/h5><p style=\"margin-bottom: 10px; line-height: 1.6; color: #414141; font-family: sans-serif; font-size: 14px; text-align: left; outline: none !important;\">&#8211; S\u00e9ance de 30 minutes\u00a0<\/p><p style=\"margin-bottom: 10px; line-height: 1.6; color: #414141; font-family: sans-serif; font-size: 14px; text-align: left; outline: none !important;\">&#8211; En ext\u00e9rieur ou \u00e0 votre domicile<\/p><p style=\"margin-bottom: 10px; line-height: 1.6; color: #414141; font-family: sans-serif; font-size: 14px; text-align: left; outline: none !important;\">&#8211; Post production des photos<\/p><p style=\"margin-bottom: 10px; line-height: 1.6; color: #414141; font-family: sans-serif; font-size: 14px; text-align: left; outline: none !important;\">&#8211; Galerie compl\u00e8te (minimum 25 photos)\u00a0<\/p><p style=\"margin-bottom: 10px; line-height: 1.6; color: #414141; font-family: sans-serif; font-size: 14px; text-align: left; outline: none !important;\">&#8211; Forfait d\u00e9placement non compris\u00a0<\/p><p style=\"margin-bottom: 10px; line-height: 1.6; color: #414141; font-family: sans-serif; font-size: 14px; text-align: left; outline: none !important;\">&#8211; Mise en beaut\u00e9 en suppl\u00e9ment<\/p><h5 style=\"margin: 10px 0px; font-family: 'Source Sans Pro', 'Helvetica Neue', Helvetica, Arial, sans-serif; font-weight: 600; color: #414141; text-align: left; outline: none !important;\">145 \u20ac<\/h5><p style=\"margin-bottom: 10px; line-height: 1.6; color: #414141; font-family: sans-serif; font-size: 14px; text-align: left; outline: none !important;\">\u00a0<\/p>\t\t\t\t\t\t\t\t<\/div>\n\t\t\t\t<\/div>\n\t\t\t\t<div class=\"elementor-element elementor-element-e2c3036 elementor-align-center elementor-widget elementor-widget-button\" data-id=\"e2c3036\" data-element_type=\"widget\" data-widget_type=\"button.default\">\n\t\t\t\t<div class=\"elementor-widget-container\">\n\t\t\t\t\t\t\t\t\t<div class=\"elementor-button-wrapper\">\n\t\t\t\t\t<a class=\"elementor-button elementor-button-link elementor-size-sm\" href=\"https:\/\/www.fotostudio.io\/client\/reservations\/foto22528\">\n\t\t\t\t\t\t<span class=\"elementor-button-content-wrapper\">\n\t\t\t\t\t\t\t\t\t<span class=\"elementor-button-text\">R\u00e9servez votre s\u00e9ance<\/span>\n\t\t\t\t\t<\/span>\n\t\t\t\t\t<\/a>\n\t\t\t\t<\/div>\n\t\t\t\t\t\t\t\t<\/div>\n\t\t\t\t<\/div>\n\t\t\t\t<div class=\"elementor-element elementor-element-d8c8056 elementor-align-center elementor-widget elementor-widget-button\" data-id=\"d8c8056\" data-element_type=\"widget\" data-widget_type=\"button.default\">\n\t\t\t\t<div class=\"elementor-widget-container\">\n\t\t\t\t\t\t\t\t\t<div class=\"elementor-button-wrapper\">\n\t\t\t\t\t<a class=\"elementor-button elementor-button-link elementor-size-sm\" href=\"https:\/\/www.fotostudio.io\/client\/cadeau\/22528\">\n\t\t\t\t\t\t<span class=\"elementor-button-content-wrapper\">\n\t\t\t\t\t\t\t\t\t<span class=\"elementor-button-text\">Offrez une carte cadeau<\/span>\n\t\t\t\t\t<\/span>\n\t\t\t\t\t<\/a>\n\t\t\t\t<\/div>\n\t\t\t\t\t\t\t\t<\/div>\n\t\t\t\t<\/div>\n\t\t\t\t\t<\/div>\n\t\t<\/div>\n\t\t\t\t<div class=\"elementor-column elementor-col-33 elementor-top-column elementor-element elementor-element-13e523c6\" data-id=\"13e523c6\" data-element_type=\"column\">\n\t\t\t<div class=\"elementor-widget-wrap elementor-element-populated\">\n\t\t\t\t\t\t<div class=\"elementor-element elementor-element-3a419d63 elementor-widget elementor-widget-image\" data-id=\"3a419d63\" data-element_type=\"widget\" data-widget_type=\"image.default\">\n\t\t\t\t<div class=\"elementor-widget-container\">\n\t\t\t\t\t\t\t\t\t\t\t\t\t\t\t<img fetchpriority=\"high\" decoding=\"async\" width=\"683\" height=\"1024\" src=\"https:\/\/evamartinez.fr\/wp-content\/uploads\/2024\/06\/IMG_3193-683x1024.jpg\" class=\"attachment-large size-large wp-image-1251\" alt=\"\" srcset=\"https:\/\/evamartinez.fr\/wp-content\/uploads\/2024\/06\/IMG_3193-683x1024.jpg 683w, https:\/\/evamartinez.fr\/wp-content\/uploads\/2024\/06\/IMG_3193-200x300.jpg 200w, https:\/\/evamartinez.fr\/wp-content\/uploads\/2024\/06\/IMG_3193-768x1152.jpg 768w, https:\/\/evamartinez.fr\/wp-content\/uploads\/2024\/06\/IMG_3193-1024x1536.jpg 1024w, https:\/\/evamartinez.fr\/wp-content\/uploads\/2024\/06\/IMG_3193-1365x2048.jpg 1365w, https:\/\/evamartinez.fr\/wp-content\/uploads\/2024\/06\/IMG_3193-scaled.jpg 1707w\" sizes=\"(max-width: 683px) 100vw, 683px\" \/>\t\t\t\t\t\t\t\t\t\t\t\t\t\t\t<\/div>\n\t\t\t\t<\/div>\n\t\t\t\t\t<\/div>\n\t\t<\/div>\n\t\t\t\t<div class=\"elementor-column elementor-col-33 elementor-top-column elementor-element elementor-element-64a30029\" data-id=\"64a30029\" data-element_type=\"column\">\n\t\t\t<div class=\"elementor-widget-wrap elementor-element-populated\">\n\t\t\t\t\t\t<div class=\"elementor-element elementor-element-2b4eb6e1 elementor-widget elementor-widget-heading\" data-id=\"2b4eb6e1\" data-element_type=\"widget\" data-widget_type=\"heading.default\">\n\t\t\t\t<div class=\"elementor-widget-container\">\n\t\t\t\t\t<h2 class=\"elementor-heading-title elementor-size-default\">s\u00e9ance d'1h<\/h2>\t\t\t\t<\/div>\n\t\t\t\t<\/div>\n\t\t\t\t<div class=\"elementor-element elementor-element-2f806eaf elementor-widget elementor-widget-text-editor\" data-id=\"2f806eaf\" data-element_type=\"widget\" data-widget_type=\"text-editor.default\">\n\t\t\t\t<div class=\"elementor-widget-container\">\n\t\t\t\t\t\t\t\t\t<h5 style=\"margin: 10px 0px; font-family: 'Source Sans Pro', 'Helvetica Neue', Helvetica, Arial, sans-serif; font-weight: 600; color: #414141; text-align: left; outline: none !important;\"><span style=\"font-family: sans-serif; font-size: 14px; font-weight: 400;\">&#8211; Pr\u00e9paration de la s\u00e9ance<\/span><\/h5><p style=\"margin-bottom: 10px; line-height: 1.6; color: #414141; font-family: sans-serif; font-size: 14px; text-align: left; outline: none !important;\">&#8211; S\u00e9ance d&rsquo;1h\u00a0<\/p><p style=\"margin-bottom: 10px; line-height: 1.6; color: #414141; font-family: sans-serif; font-size: 14px; text-align: left; outline: none !important;\">&#8211; En ext\u00e9rieur ou \u00e0 votre domicile<\/p><p style=\"margin-bottom: 10px; line-height: 1.6; color: #414141; font-family: sans-serif; font-size: 14px; text-align: left; outline: none !important;\">&#8211; Post production des photos<\/p><p style=\"margin-bottom: 10px; line-height: 1.6; color: #414141; font-family: sans-serif; font-size: 14px; text-align: left; outline: none !important;\">&#8211; Galerie compl\u00e8te (minimum 80 photos)\u00a0<\/p><p style=\"margin-bottom: 10px; line-height: 1.6; color: #414141; font-family: sans-serif; font-size: 14px; text-align: left; outline: none !important;\">&#8211; Forfait d\u00e9placement non compris\u00a0<\/p><p style=\"margin-bottom: 10px; line-height: 1.6; color: #414141; font-family: sans-serif; font-size: 14px; text-align: left; outline: none !important;\">&#8211; Mise en beaut\u00e9 en suppl\u00e9ment<\/p><p style=\"margin-bottom: 10px; line-height: 1.6; color: #414141; font-family: sans-serif; font-size: 14px; text-align: left; outline: none !important;\"><span style=\"font-family: 'Source Sans Pro', 'Helvetica Neue', Helvetica, Arial, sans-serif; font-size: 1.25rem; font-weight: 600;\">245 \u20ac<\/span><\/p>\t\t\t\t\t\t\t\t<\/div>\n\t\t\t\t<\/div>\n\t\t\t\t<div class=\"elementor-element elementor-element-b4bfcff elementor-align-center elementor-widget elementor-widget-button\" data-id=\"b4bfcff\" data-element_type=\"widget\" data-widget_type=\"button.default\">\n\t\t\t\t<div class=\"elementor-widget-container\">\n\t\t\t\t\t\t\t\t\t<div class=\"elementor-button-wrapper\">\n\t\t\t\t\t<a class=\"elementor-button elementor-button-link elementor-size-sm\" href=\"https:\/\/www.fotostudio.io\/client\/reservations\/foto22528\">\n\t\t\t\t\t\t<span class=\"elementor-button-content-wrapper\">\n\t\t\t\t\t\t\t\t\t<span class=\"elementor-button-text\">R\u00e9servez votre s\u00e9ance<\/span>\n\t\t\t\t\t<\/span>\n\t\t\t\t\t<\/a>\n\t\t\t\t<\/div>\n\t\t\t\t\t\t\t\t<\/div>\n\t\t\t\t<\/div>\n\t\t\t\t<div class=\"elementor-element elementor-element-6ff901d elementor-align-center elementor-widget elementor-widget-button\" data-id=\"6ff901d\" data-element_type=\"widget\" data-widget_type=\"button.default\">\n\t\t\t\t<div class=\"elementor-widget-container\">\n\t\t\t\t\t\t\t\t\t<div class=\"elementor-button-wrapper\">\n\t\t\t\t\t<a class=\"elementor-button elementor-button-link elementor-size-sm\" href=\"https:\/\/www.fotostudio.io\/client\/cadeau\/22528\">\n\t\t\t\t\t\t<span class=\"elementor-button-content-wrapper\">\n\t\t\t\t\t\t\t\t\t<span class=\"elementor-button-text\">Offrez une carte cadeau<\/span>\n\t\t\t\t\t<\/span>\n\t\t\t\t\t<\/a>\n\t\t\t\t<\/div>\n\t\t\t\t\t\t\t\t<\/div>\n\t\t\t\t<\/div>\n\t\t\t\t\t<\/div>\n\t\t<\/div>\n\t\t\t\t\t<\/div>\n\t\t<\/section>\n\t\t\t\t<\/div>\n\t\t","protected":false},"excerpt":{"rendered":"<p>S\u00e9ance couple, engagement S\u00e9ance de 30 min &#8211; Pr\u00e9paration de la s\u00e9ance &#8211; S\u00e9ance de 30 minutes\u00a0 &#8211; En ext\u00e9rieur ou \u00e0 votre domicile &#8211; Post production des photos &#8211; Galerie compl\u00e8te (minimum 25 photos)\u00a0 &#8211; Forfait d\u00e9placement non compris\u00a0 &#8211; Mise en beaut\u00e9 en suppl\u00e9ment 145 \u20ac \u00a0 R\u00e9servez votre s\u00e9ance Offrez une carte [&hellip;]<\/p>\n","protected":false},"author":1,"featured_media":0,"parent":0,"menu_order":0,"comment_status":"closed","ping_status":"closed","template":"","meta":{"footnotes":""},"class_list":["post-997","page","type-page","status-publish","hentry"],"yoast_head":"<!-- This site is optimized with the Yoast SEO plugin v26.7 - https:\/\/yoast.com\/wordpress\/plugins\/seo\/ -->\n<title>S\u00e9ance couple - Eva Martinez Photographe<\/title>\n<meta name=\"robots\" content=\"index, follow, max-snippet:-1, max-image-preview:large, max-video-preview:-1\" \/>\n<link rel=\"canonical\" href=\"https:\/\/evamartinez.fr\/index.php\/seance-couple\/\" \/>\n<meta property=\"og:locale\" content=\"fr_FR\" \/>\n<meta property=\"og:type\" content=\"article\" \/>\n<meta property=\"og:title\" content=\"S\u00e9ance couple - Eva Martinez Photographe\" \/>\n<meta property=\"og:description\" content=\"S\u00e9ance couple, engagement S\u00e9ance de 30 min &#8211; Pr\u00e9paration de la s\u00e9ance &#8211; S\u00e9ance de 30 minutes\u00a0 &#8211; En ext\u00e9rieur ou \u00e0 votre domicile &#8211; Post production des photos &#8211; Galerie compl\u00e8te (minimum 25 photos)\u00a0 &#8211; Forfait d\u00e9placement non compris\u00a0 &#8211; Mise en beaut\u00e9 en suppl\u00e9ment 145 \u20ac \u00a0 R\u00e9servez votre s\u00e9ance Offrez une carte [&hellip;]\" \/>\n<meta property=\"og:url\" content=\"https:\/\/evamartinez.fr\/index.php\/seance-couple\/\" \/>\n<meta property=\"og:site_name\" content=\"Eva Martinez Photographe\" \/>\n<meta property=\"article:modified_time\" content=\"2025-11-10T19:34:19+00:00\" \/>\n<meta property=\"og:image\" content=\"http:\/\/evamartinez.fr\/wp-content\/uploads\/2024\/06\/IMG_3193-683x1024.jpg\" \/>\n<meta name=\"twitter:card\" content=\"summary_large_image\" \/>\n<meta name=\"twitter:label1\" content=\"Dur\u00e9e de lecture estim\u00e9e\" \/>\n\t<meta name=\"twitter:data1\" content=\"1 minute\" \/>\n<script type=\"application\/ld+json\" class=\"yoast-schema-graph\">{\"@context\":\"https:\/\/schema.org\",\"@graph\":[{\"@type\":\"WebPage\",\"@id\":\"https:\/\/evamartinez.fr\/index.php\/seance-couple\/\",\"url\":\"https:\/\/evamartinez.fr\/index.php\/seance-couple\/\",\"name\":\"S\u00e9ance couple - Eva Martinez Photographe\",\"isPartOf\":{\"@id\":\"https:\/\/evamartinez.fr\/#website\"},\"primaryImageOfPage\":{\"@id\":\"https:\/\/evamartinez.fr\/index.php\/seance-couple\/#primaryimage\"},\"image\":{\"@id\":\"https:\/\/evamartinez.fr\/index.php\/seance-couple\/#primaryimage\"},\"thumbnailUrl\":\"http:\/\/evamartinez.fr\/wp-content\/uploads\/2024\/06\/IMG_3193-683x1024.jpg\",\"datePublished\":\"2024-01-12T09:46:11+00:00\",\"dateModified\":\"2025-11-10T19:34:19+00:00\",\"breadcrumb\":{\"@id\":\"https:\/\/evamartinez.fr\/index.php\/seance-couple\/#breadcrumb\"},\"inLanguage\":\"fr-FR\",\"potentialAction\":[{\"@type\":\"ReadAction\",\"target\":[\"https:\/\/evamartinez.fr\/index.php\/seance-couple\/\"]}]},{\"@type\":\"ImageObject\",\"inLanguage\":\"fr-FR\",\"@id\":\"https:\/\/evamartinez.fr\/index.php\/seance-couple\/#primaryimage\",\"url\":\"https:\/\/evamartinez.fr\/wp-content\/uploads\/2024\/06\/IMG_3193-scaled.jpg\",\"contentUrl\":\"https:\/\/evamartinez.fr\/wp-content\/uploads\/2024\/06\/IMG_3193-scaled.jpg\",\"width\":1707,\"height\":2560},{\"@type\":\"BreadcrumbList\",\"@id\":\"https:\/\/evamartinez.fr\/index.php\/seance-couple\/#breadcrumb\",\"itemListElement\":[{\"@type\":\"ListItem\",\"position\":1,\"name\":\"Accueil\",\"item\":\"https:\/\/evamartinez.fr\/\"},{\"@type\":\"ListItem\",\"position\":2,\"name\":\"S\u00e9ance couple\"}]},{\"@type\":\"WebSite\",\"@id\":\"https:\/\/evamartinez.fr\/#website\",\"url\":\"https:\/\/evamartinez.fr\/\",\"name\":\"Eva Martinez Photographe\",\"description\":\"Eva Martinez Photographe\",\"publisher\":{\"@id\":\"https:\/\/evamartinez.fr\/#\/schema\/person\/8e247600397578b50afdee4dc79634d3\"},\"potentialAction\":[{\"@type\":\"SearchAction\",\"target\":{\"@type\":\"EntryPoint\",\"urlTemplate\":\"https:\/\/evamartinez.fr\/?s={search_term_string}\"},\"query-input\":{\"@type\":\"PropertyValueSpecification\",\"valueRequired\":true,\"valueName\":\"search_term_string\"}}],\"inLanguage\":\"fr-FR\"},{\"@type\":[\"Person\",\"Organization\"],\"@id\":\"https:\/\/evamartinez.fr\/#\/schema\/person\/8e247600397578b50afdee4dc79634d3\",\"name\":\"Eva Martinez Photographe\",\"image\":{\"@type\":\"ImageObject\",\"inLanguage\":\"fr-FR\",\"@id\":\"https:\/\/evamartinez.fr\/#\/schema\/person\/image\/\",\"url\":\"https:\/\/evamartinez.fr\/wp-content\/uploads\/2024\/01\/cropped-Logo-final_Plan-de-travail-1.png\",\"contentUrl\":\"https:\/\/evamartinez.fr\/wp-content\/uploads\/2024\/01\/cropped-Logo-final_Plan-de-travail-1.png\",\"width\":2359,\"height\":927,\"caption\":\"Eva Martinez Photographe\"},\"logo\":{\"@id\":\"https:\/\/evamartinez.fr\/#\/schema\/person\/image\/\"},\"sameAs\":[\"http:\/\/evamartinez.fr\",\"https:\/\/www.instagram.com\/eva.m.photographe\"]}]}<\/script>\n<!-- \/ Yoast SEO plugin. -->","yoast_head_json":{"title":"S\u00e9ance couple - Eva Martinez Photographe","robots":{"index":"index","follow":"follow","max-snippet":"max-snippet:-1","max-image-preview":"max-image-preview:large","max-video-preview":"max-video-preview:-1"},"canonical":"https:\/\/evamartinez.fr\/index.php\/seance-couple\/","og_locale":"fr_FR","og_type":"article","og_title":"S\u00e9ance couple - Eva Martinez Photographe","og_description":"S\u00e9ance couple, engagement S\u00e9ance de 30 min &#8211; Pr\u00e9paration de la s\u00e9ance &#8211; S\u00e9ance de 30 minutes\u00a0 &#8211; En ext\u00e9rieur ou \u00e0 votre domicile &#8211; Post production des photos &#8211; Galerie compl\u00e8te (minimum 25 photos)\u00a0 &#8211; Forfait d\u00e9placement non compris\u00a0 &#8211; Mise en beaut\u00e9 en suppl\u00e9ment 145 \u20ac \u00a0 R\u00e9servez votre s\u00e9ance Offrez une carte [&hellip;]","og_url":"https:\/\/evamartinez.fr\/index.php\/seance-couple\/","og_site_name":"Eva Martinez Photographe","article_modified_time":"2025-11-10T19:34:19+00:00","og_image":[{"url":"http:\/\/evamartinez.fr\/wp-content\/uploads\/2024\/06\/IMG_3193-683x1024.jpg","type":"","width":"","height":""}],"twitter_card":"summary_large_image","twitter_misc":{"Dur\u00e9e de lecture estim\u00e9e":"1 minute"},"schema":{"@context":"https:\/\/schema.org","@graph":[{"@type":"WebPage","@id":"https:\/\/evamartinez.fr\/index.php\/seance-couple\/","url":"https:\/\/evamartinez.fr\/index.php\/seance-couple\/","name":"S\u00e9ance couple - Eva Martinez Photographe","isPartOf":{"@id":"https:\/\/evamartinez.fr\/#website"},"primaryImageOfPage":{"@id":"https:\/\/evamartinez.fr\/index.php\/seance-couple\/#primaryimage"},"image":{"@id":"https:\/\/evamartinez.fr\/index.php\/seance-couple\/#primaryimage"},"thumbnailUrl":"http:\/\/evamartinez.fr\/wp-content\/uploads\/2024\/06\/IMG_3193-683x1024.jpg","datePublished":"2024-01-12T09:46:11+00:00","dateModified":"2025-11-10T19:34:19+00:00","breadcrumb":{"@id":"https:\/\/evamartinez.fr\/index.php\/seance-couple\/#breadcrumb"},"inLanguage":"fr-FR","potentialAction":[{"@type":"ReadAction","target":["https:\/\/evamartinez.fr\/index.php\/seance-couple\/"]}]},{"@type":"ImageObject","inLanguage":"fr-FR","@id":"https:\/\/evamartinez.fr\/index.php\/seance-couple\/#primaryimage","url":"https:\/\/evamartinez.fr\/wp-content\/uploads\/2024\/06\/IMG_3193-scaled.jpg","contentUrl":"https:\/\/evamartinez.fr\/wp-content\/uploads\/2024\/06\/IMG_3193-scaled.jpg","width":1707,"height":2560},{"@type":"BreadcrumbList","@id":"https:\/\/evamartinez.fr\/index.php\/seance-couple\/#breadcrumb","itemListElement":[{"@type":"ListItem","position":1,"name":"Accueil","item":"https:\/\/evamartinez.fr\/"},{"@type":"ListItem","position":2,"name":"S\u00e9ance couple"}]},{"@type":"WebSite","@id":"https:\/\/evamartinez.fr\/#website","url":"https:\/\/evamartinez.fr\/","name":"Eva Martinez Photographe","description":"Eva Martinez Photographe","publisher":{"@id":"https:\/\/evamartinez.fr\/#\/schema\/person\/8e247600397578b50afdee4dc79634d3"},"potentialAction":[{"@type":"SearchAction","target":{"@type":"EntryPoint","urlTemplate":"https:\/\/evamartinez.fr\/?s={search_term_string}"},"query-input":{"@type":"PropertyValueSpecification","valueRequired":true,"valueName":"search_term_string"}}],"inLanguage":"fr-FR"},{"@type":["Person","Organization"],"@id":"https:\/\/evamartinez.fr\/#\/schema\/person\/8e247600397578b50afdee4dc79634d3","name":"Eva Martinez Photographe","image":{"@type":"ImageObject","inLanguage":"fr-FR","@id":"https:\/\/evamartinez.fr\/#\/schema\/person\/image\/","url":"https:\/\/evamartinez.fr\/wp-content\/uploads\/2024\/01\/cropped-Logo-final_Plan-de-travail-1.png","contentUrl":"https:\/\/evamartinez.fr\/wp-content\/uploads\/2024\/01\/cropped-Logo-final_Plan-de-travail-1.png","width":2359,"height":927,"caption":"Eva Martinez Photographe"},"logo":{"@id":"https:\/\/evamartinez.fr\/#\/schema\/person\/image\/"},"sameAs":["http:\/\/evamartinez.fr","https:\/\/www.instagram.com\/eva.m.photographe"]}]}},"_links":{"self":[{"href":"https:\/\/evamartinez.fr\/index.php\/wp-json\/wp\/v2\/pages\/997","targetHints":{"allow":["GET"]}}],"collection":[{"href":"https:\/\/evamartinez.fr\/index.php\/wp-json\/wp\/v2\/pages"}],"about":[{"href":"https:\/\/evamartinez.fr\/index.php\/wp-json\/wp\/v2\/types\/page"}],"author":[{"embeddable":true,"href":"https:\/\/evamartinez.fr\/index.php\/wp-json\/wp\/v2\/users\/1"}],"replies":[{"embeddable":true,"href":"https:\/\/evamartinez.fr\/index.php\/wp-json\/wp\/v2\/comments?post=997"}],"version-history":[{"count":20,"href":"https:\/\/evamartinez.fr\/index.php\/wp-json\/wp\/v2\/pages\/997\/revisions"}],"predecessor-version":[{"id":2027,"href":"https:\/\/evamartinez.fr\/index.php\/wp-json\/wp\/v2\/pages\/997\/revisions\/2027"}],"wp:attachment":[{"href":"https:\/\/evamartinez.fr\/index.php\/wp-json\/wp\/v2\/media?parent=997"}],"curies":[{"name":"wp","href":"https:\/\/api.w.org\/{rel}","templated":true}]}}